{"id":74,"date":"2019-03-06T11:32:10","date_gmt":"2019-03-06T10:32:10","guid":{"rendered":"http:\/\/ventadeaires.com\/airescatering\/?page_id=74"},"modified":"2019-05-07T11:41:02","modified_gmt":"2019-05-07T09:41:02","slug":"menus-bodas","status":"publish","type":"page","link":"https:\/\/ventadeaires.com\/catering-toledo-experiencia-gastronomica\/menus-bodas\/","title":{"rendered":"Men\u00fas bodas"},"content":{"rendered":"[vc_row type=\u00bbfull_width_background\u00bb full_screen_row_position=\u00bbmiddle\u00bb bg_image=\u00bb177&#8243; bg_position=\u00bbcenter center\u00bb bg_repeat=\u00bbno-repeat\u00bb scene_position=\u00bbcenter\u00bb text_color=\u00bblight\u00bb text_align=\u00bbcenter\u00bb top_padding=\u00bb17%\u00bb bottom_padding=\u00bb5%\u00bb color_overlay=\u00bb#000000&#8243; overlay_strength=\u00bb0.3&#8243; shape_divider_position=\u00bbbottom\u00bb bg_image_animation=\u00bbnone\u00bb shape_type=\u00bb\u00bb][vc_column column_padding=\u00bbno-extra-padding\u00bb column_padding_position=\u00bball\u00bb background_color_opacity=\u00bb1&#8243; background_hover_color_opacity=\u00bb1&#8243; column_link_target=\u00bb_self\u00bb column_shadow=\u00bbnone\u00bb column_border_radius=\u00bbnone\u00bb width=\u00bb1\/4&#8243; tablet_width_inherit=\u00bbdefault\u00bb tablet_text_alignment=\u00bbdefault\u00bb phone_text_alignment=\u00bbdefault\u00bb column_border_width=\u00bbnone\u00bb column_border_style=\u00bbsolid\u00bb bg_image_animation=\u00bbnone\u00bb][\/vc_column][vc_column column_padding=\u00bbno-extra-padding\u00bb column_padding_position=\u00bball\u00bb background_color_opacity=\u00bb1&#8243; background_hover_color_opacity=\u00bb1&#8243; column_link_target=\u00bb_self\u00bb column_shadow=\u00bbnone\u00bb column_border_radius=\u00bbnone\u00bb width=\u00bb1\/2&#8243; tablet_width_inherit=\u00bbdefault\u00bb tablet_text_alignment=\u00bbdefault\u00bb phone_text_alignment=\u00bbdefault\u00bb column_border_width=\u00bbnone\u00bb column_border_style=\u00bbsolid\u00bb bg_image_animation=\u00bbnone\u00bb][vc_column_text]\n<h1 style=\"text-align: center;\">MEN\u00daS BODAS<\/h1>\n[\/vc_column_text][vc_column_text]Si necesitas un catering para sorprender a los invitados de tu boda\u2026 con Aires Catering encontrar\u00e1s tu mejor aliado.[\/vc_column_text][\/vc_column][vc_column column_padding=\u00bbno-extra-padding\u00bb column_padding_position=\u00bball\u00bb background_color_opacity=\u00bb1&#8243; background_hover_color_opacity=\u00bb1&#8243; column_link_target=\u00bb_self\u00bb column_shadow=\u00bbnone\u00bb column_border_radius=\u00bbnone\u00bb width=\u00bb1\/4&#8243; tablet_width_inherit=\u00bbdefault\u00bb tablet_text_alignment=\u00bbdefault\u00bb phone_text_alignment=\u00bbdefault\u00bb column_border_width=\u00bbnone\u00bb column_border_style=\u00bbsolid\u00bb bg_image_animation=\u00bbnone\u00bb][\/vc_column][\/vc_row][vc_row type=\u00bbfull_width_background\u00bb full_screen_row_position=\u00bbmiddle\u00bb scene_position=\u00bbcenter\u00bb text_color=\u00bbdark\u00bb text_align=\u00bbcenter\u00bb top_padding=\u00bb3%\u00bb bottom_padding=\u00bb3%\u00bb overlay_strength=\u00bb0.3&#8243; shape_divider_position=\u00bbbottom\u00bb bg_image_animation=\u00bbnone\u00bb shape_type=\u00bb\u00bb][vc_column column_padding=\u00bbno-extra-padding\u00bb column_padding_position=\u00bball\u00bb background_color_opacity=\u00bb1&#8243; background_hover_color_opacity=\u00bb1&#8243; column_link_target=\u00bb_self\u00bb column_shadow=\u00bbnone\u00bb column_border_radius=\u00bbnone\u00bb width=\u00bb1\/1&#8243; tablet_width_inherit=\u00bbdefault\u00bb tablet_text_alignment=\u00bbdefault\u00bb phone_text_alignment=\u00bbdefault\u00bb column_border_width=\u00bbnone\u00bb column_border_style=\u00bbsolid\u00bb bg_image_animation=\u00bbnone\u00bb][vc_gallery type=\u00bbflickity_style\u00bb images=\u00bb165,242,174,166,241,168,243,173,163,244,164,167,169,170,171,172&#8243; flickity_controls=\u00bbpagination\u00bb flickity_desktop_columns=\u00bb2&#8243; flickity_small_desktop_columns=\u00bb2&#8243; flickity_tablet_columns=\u00bb1&#8243; flickity_autoplay=\u00bbtrue\u00bb flickity_box_shadow=\u00bbsmall_depth\u00bb onclick=\u00bblink_no\u00bb][\/vc_column][\/vc_row][vc_row type=\u00bbin_container\u00bb full_screen_row_position=\u00bbmiddle\u00bb scene_position=\u00bbcenter\u00bb text_color=\u00bbdark\u00bb text_align=\u00bbleft\u00bb top_padding=\u00bb50&#8243; bottom_padding=\u00bb50&#8243; overlay_strength=\u00bb0.3&#8243; shape_divider_position=\u00bbbottom\u00bb bg_image_animation=\u00bbnone\u00bb shape_type=\u00bb\u00bb][vc_column column_padding=\u00bbno-extra-padding\u00bb column_padding_position=\u00bball\u00bb background_color_opacity=\u00bb1&#8243; background_hover_color_opacity=\u00bb1&#8243; column_link_target=\u00bb_self\u00bb column_shadow=\u00bbnone\u00bb column_border_radius=\u00bbnone\u00bb width=\u00bb1\/1&#8243; tablet_width_inherit=\u00bbdefault\u00bb tablet_text_alignment=\u00bbdefault\u00bb phone_text_alignment=\u00bbdefault\u00bb column_border_width=\u00bbnone\u00bb column_border_style=\u00bbsolid\u00bb bg_image_animation=\u00bbnone\u00bb][vc_column_text]\n<h2>MEN\u00da 1<\/h2>\n<p><strong>68 \u20ac<\/strong>[\/vc_column_text][divider line_type=\u00bbSmall Line\u00bb line_alignment=\u00bbdefault\u00bb line_thickness=\u00bb3&#8243; divider_color=\u00bbaccent-color\u00bb animate=\u00bbyes\u00bb custom_height=\u00bb10&#8243; custom_line_width=\u00bb100&#8243;][divider line_type=\u00bbNo Line\u00bb custom_height=\u00bb10&#8243;][vc_row_inner column_margin=\u00bbdefault\u00bb text_align=\u00bbleft\u00bb][vc_column_inner column_padding=\u00bbno-extra-padding\u00bb column_padding_position=\u00bball\u00bb background_color_opacity=\u00bb1&#8243; background_hover_color_opacity=\u00bb1&#8243; column_shadow=\u00bbnone\u00bb column_border_radius=\u00bbnone\u00bb column_link_target=\u00bb_self\u00bb width=\u00bb1\/2&#8243; tablet_width_inherit=\u00bbdefault\u00bb column_border_width=\u00bbnone\u00bb column_border_style=\u00bbsolid\u00bb bg_image_animation=\u00bbnone\u00bb][vc_column_text]\n<h4>C\u00d3CTEL DE RECEPCI\u00d3N<\/h4>\n<p><em><strong>Fr\u00edos<\/strong><\/em>[\/vc_column_text]<div class=\"nectar-fancy-ul\" data-list-icon=\"fa fa-cutlery\" data-animation=\"false\" data-animation-delay=\"0\" data-color=\"accent-color\" data-spacing=\"default\" data-alignment=\"left\"> \n<ul>\n<li class=\"p1\">Vasito de de gazpacho o consom\u00e9 al jerez con hierbabuena (seg\u00fan temporada).<\/li>\n<li class=\"p1\">Bandeja de quesos manchegos con uvas, frutos rojos y mermelada de higos (al piment\u00f3n, al vino tinto, de romero y puro de oveja). Crocanti de Pat\u00e9 de Perdiz.<\/li>\n<li class=\"p1\">Croquetas de jam\u00f3n con patatitas paja.<\/li>\n<li class=\"p1\">Brocheta de pollo teriyaki con mostaza antigua.<\/li>\n<\/ul>\n <\/div>[vc_column_text]\n<p style=\"text-align: left;\"><em><strong>Bebidas<\/strong><\/em><br \/>\nAgua mineral, cervezas, refrescos y vino tinto y blanco.<\/p>\n[\/vc_column_text][\/vc_column_inner][vc_column_inner column_padding=\u00bbno-extra-padding\u00bb column_padding_position=\u00bball\u00bb background_color_opacity=\u00bb1&#8243; background_hover_color_opacity=\u00bb1&#8243; column_shadow=\u00bbnone\u00bb column_border_radius=\u00bbnone\u00bb column_link_target=\u00bb_self\u00bb width=\u00bb1\/2&#8243; tablet_width_inherit=\u00bbdefault\u00bb column_border_width=\u00bbnone\u00bb column_border_style=\u00bbsolid\u00bb bg_image_animation=\u00bbnone\u00bb][vc_column_text]\n<h4><strong>MEN\u00da<\/strong><i><\/i><\/h4>\n[\/vc_column_text]<div class=\"nectar-fancy-ul\" data-list-icon=\"fa fa-cutlery\" data-animation=\"false\" data-animation-delay=\"0\" data-color=\"accent-color\" data-spacing=\"default\" data-alignment=\"left\"> \n<ul>\n<li><em><strong>Primer acto (a elegir entre)<\/strong><\/em><br \/>\n&#8211; Copa de salmorejo con berenjena caramelizada y crujiente de ib\u00e9rico.<br \/>\n&#8211; Crema de cangrejos con txangurro (seg\u00fan temporada).<\/li>\n<li><em><strong>Segundo acto<\/strong><\/em><br \/>\nBacalao confitado con crema de patata y pisto manchego.<\/li>\n<li><em><strong>Tercer acto<\/strong><\/em><br \/>\nSolomillo ib\u00e9rico con salsa Marshala y panaderas.<\/li>\n<li><em><strong>Postre<\/strong><\/em><br \/>\nTarta nupcial con crema helada.<\/li>\n<li><em><strong>Bodega<\/strong><\/em><br \/>\nAgua mineral, vino tinto y blanco de la regi\u00f3n, cava, caf\u00e9 o infusiones.<\/li>\n<\/ul>\n <\/div>[\/vc_column_inner][\/vc_row_inner][\/vc_column][\/vc_row][vc_row type=\u00bbfull_width_background\u00bb full_screen_row_position=\u00bbmiddle\u00bb bg_color=\u00bb#d2ab67&#8243; scene_position=\u00bbcenter\u00bb text_color=\u00bblight\u00bb text_align=\u00bbleft\u00bb top_padding=\u00bb50&#8243; bottom_padding=\u00bb50&#8243; overlay_strength=\u00bb0.3&#8243; shape_divider_position=\u00bbbottom\u00bb bg_image_animation=\u00bbnone\u00bb shape_type=\u00bb\u00bb][vc_column column_padding=\u00bbno-extra-padding\u00bb column_padding_position=\u00bball\u00bb background_color_opacity=\u00bb1&#8243; background_hover_color_opacity=\u00bb1&#8243; column_link_target=\u00bb_self\u00bb column_shadow=\u00bbnone\u00bb column_border_radius=\u00bbnone\u00bb width=\u00bb1\/1&#8243; tablet_width_inherit=\u00bbdefault\u00bb tablet_text_alignment=\u00bbdefault\u00bb phone_text_alignment=\u00bbdefault\u00bb column_border_width=\u00bbnone\u00bb column_border_style=\u00bbsolid\u00bb bg_image_animation=\u00bbnone\u00bb][vc_column_text]\n<h2>MEN\u00da 2<\/h2>\n<p><strong>74 \u20ac<\/strong>[\/vc_column_text][divider line_type=\u00bbSmall Line\u00bb line_alignment=\u00bbdefault\u00bb line_thickness=\u00bb3&#8243; divider_color=\u00bbextra-color-1&#8243; animate=\u00bbyes\u00bb custom_height=\u00bb10&#8243; custom_line_width=\u00bb100&#8243;][divider line_type=\u00bbNo Line\u00bb custom_height=\u00bb10&#8243;][vc_row_inner column_margin=\u00bbdefault\u00bb text_align=\u00bbleft\u00bb][vc_column_inner column_padding=\u00bbno-extra-padding\u00bb column_padding_position=\u00bball\u00bb background_color_opacity=\u00bb1&#8243; background_hover_color_opacity=\u00bb1&#8243; column_shadow=\u00bbnone\u00bb column_border_radius=\u00bbnone\u00bb column_link_target=\u00bb_self\u00bb width=\u00bb1\/2&#8243; tablet_width_inherit=\u00bbdefault\u00bb column_border_width=\u00bbnone\u00bb column_border_style=\u00bbsolid\u00bb bg_image_animation=\u00bbnone\u00bb][vc_column_text]\n<h4>C\u00d3CTEL DE RECEPCI\u00d3N<\/h4>\n<p><em><strong>Fr\u00edos<\/strong><\/em>[\/vc_column_text]<div class=\"nectar-fancy-ul\" data-list-icon=\"fa fa-cutlery\" data-animation=\"false\" data-animation-delay=\"0\" data-color=\"extra-color-1\" data-spacing=\"default\" data-alignment=\"left\"> \n<ul>\n<li>Vasito de ajoblanco con langostino crujiente. Crocanti de pat\u00e9 de perdiz con cumberland.<\/li>\n<li>Brocheta de salm\u00f3n marinado al eneldo con mermelada de soja.<\/li>\n<li>Cest\u00f3n de quesos con uvas. Jam\u00f3n ib\u00e9rico con grisinis. Lomo de ca\u00f1a ib\u00e9rico.<\/li>\n<\/ul>\n <\/div>[vc_column_text]<em><strong>Calientes<\/strong><\/em>[\/vc_column_text]<div class=\"nectar-fancy-ul\" data-list-icon=\"fa fa-cutlery\" data-animation=\"false\" data-animation-delay=\"0\" data-color=\"extra-color-1\" data-spacing=\"default\" data-alignment=\"left\"> \n<ul>\n<li>Cazuelita de arroz cremoso con boletus. Croquetas de jam\u00f3n.<\/li>\n<li>Bombita de morcilla.<\/li>\n<li>Brocheta de solomillo ib\u00e9rico con pimiento del padr\u00f3n.<\/li>\n<\/ul>\n <\/div>[vc_column_text]\n<p style=\"text-align: left;\"><em><strong>Bebidas<\/strong><\/em><br \/>\nAgua mineral, cervezas, refrescos y vino tinto y blanco.<\/p>\n[\/vc_column_text][\/vc_column_inner][vc_column_inner column_padding=\u00bbno-extra-padding\u00bb column_padding_position=\u00bball\u00bb background_color_opacity=\u00bb1&#8243; background_hover_color_opacity=\u00bb1&#8243; column_shadow=\u00bbnone\u00bb column_border_radius=\u00bbnone\u00bb column_link_target=\u00bb_self\u00bb width=\u00bb1\/2&#8243; tablet_width_inherit=\u00bbdefault\u00bb column_border_width=\u00bbnone\u00bb column_border_style=\u00bbsolid\u00bb bg_image_animation=\u00bbnone\u00bb][vc_column_text]\n<h4><strong>MEN\u00da<\/strong><i><\/i><\/h4>\n[\/vc_column_text]<div class=\"nectar-fancy-ul\" data-list-icon=\"fa fa-cutlery\" data-animation=\"false\" data-animation-delay=\"0\" data-color=\"extra-color-1\" data-spacing=\"default\" data-alignment=\"left\"> \n<ul>\n<li><em><strong>Primer acto<\/strong><\/em><br \/>\nRape al aroma de albahaca y crujiente de parmesano.<\/li>\n<li><em><strong>Segundo acto<\/strong><\/em><br \/>\nSorbete de mandarina.<\/li>\n<li><em><strong>Tercer acto<\/strong><\/em><br \/>\nPresa ib\u00e9rica con encebollado de boletus y panaderas.<\/li>\n<li><em><strong>Postre<\/strong><\/em><br \/>\nTarta nupcial.<\/li>\n<li><em><strong>Bodega<\/strong><\/em><br \/>\nAgua mineral, vino tinto y blanco de la regi\u00f3n, cava, caf\u00e9 o infusiones.<\/li>\n<\/ul>\n <\/div>[\/vc_column_inner][\/vc_row_inner][\/vc_column][\/vc_row][vc_row type=\u00bbin_container\u00bb full_screen_row_position=\u00bbmiddle\u00bb scene_position=\u00bbcenter\u00bb text_color=\u00bbdark\u00bb text_align=\u00bbleft\u00bb top_padding=\u00bb50&#8243; bottom_padding=\u00bb50&#8243; overlay_strength=\u00bb0.3&#8243; shape_divider_position=\u00bbbottom\u00bb bg_image_animation=\u00bbnone\u00bb shape_type=\u00bb\u00bb][vc_column column_padding=\u00bbno-extra-padding\u00bb column_padding_position=\u00bball\u00bb background_color_opacity=\u00bb1&#8243; background_hover_color_opacity=\u00bb1&#8243; column_link_target=\u00bb_self\u00bb column_shadow=\u00bbnone\u00bb column_border_radius=\u00bbnone\u00bb width=\u00bb1\/1&#8243; tablet_width_inherit=\u00bbdefault\u00bb tablet_text_alignment=\u00bbdefault\u00bb phone_text_alignment=\u00bbdefault\u00bb column_border_width=\u00bbnone\u00bb column_border_style=\u00bbsolid\u00bb bg_image_animation=\u00bbnone\u00bb][vc_column_text]\n<h2>MEN\u00da 3<\/h2>\n<p><strong>95 \u20ac<\/strong>[\/vc_column_text][divider line_type=\u00bbSmall Line\u00bb line_alignment=\u00bbdefault\u00bb line_thickness=\u00bb3&#8243; divider_color=\u00bbaccent-color\u00bb animate=\u00bbyes\u00bb custom_height=\u00bb10&#8243; custom_line_width=\u00bb100&#8243;][divider line_type=\u00bbNo Line\u00bb custom_height=\u00bb10&#8243;][vc_row_inner column_margin=\u00bbdefault\u00bb text_align=\u00bbleft\u00bb][vc_column_inner column_padding=\u00bbno-extra-padding\u00bb column_padding_position=\u00bball\u00bb background_color_opacity=\u00bb1&#8243; background_hover_color_opacity=\u00bb1&#8243; column_shadow=\u00bbnone\u00bb column_border_radius=\u00bbnone\u00bb column_link_target=\u00bb_self\u00bb width=\u00bb1\/2&#8243; tablet_width_inherit=\u00bbdefault\u00bb column_border_width=\u00bbnone\u00bb column_border_style=\u00bbsolid\u00bb bg_image_animation=\u00bbnone\u00bb][vc_column_text]\n<h4>C\u00d3CTEL DE RECEPCI\u00d3N<\/h4>\n<p><em><strong>Fr\u00edos<\/strong><\/em>[\/vc_column_text]<div class=\"nectar-fancy-ul\" data-list-icon=\"fa fa-cutlery\" data-animation=\"false\" data-animation-delay=\"0\" data-color=\"accent-color\" data-spacing=\"default\" data-alignment=\"left\"> \n<ul>\n<li>Jam\u00f3n ib\u00e9rico con grisinis.<\/li>\n<li>Vasito de gazpacho de fresas o de crema de cangrejos. Cucharita de tartar de salm\u00f3n con wakame.<\/li>\n<li>Cest\u00f3n de quesos con uvas.<\/li>\n<li>Crujiente de foie con manzana.<\/li>\n<li>Brocheta de salmon marinado al eneldo con mermelada de soja.<\/li>\n<li>Bandejas de lomo ib\u00e9rico.<\/li>\n<\/ul>\n <\/div>[vc_column_text]<em><strong>Calientes<\/strong><\/em>[\/vc_column_text]<div class=\"nectar-fancy-ul\" data-list-icon=\"fa fa-cutlery\" data-animation=\"false\" data-animation-delay=\"0\" data-color=\"accent-color\" data-spacing=\"default\" data-alignment=\"left\"> \n<ul>\n<li>Croquetas de jam\u00f3n.<\/li>\n<li>Brocheta de Langostino en tempura y ajoblanco. Sartencita de arroz cremoso con boletus.<\/li>\n<li>Bomba de picadillo con morcilla.<\/li>\n<li>Brocheta de solomillo ib\u00e9rico con pimiento del padr\u00f3n.<\/li>\n<\/ul>\n <\/div>[vc_column_text]\n<p style=\"text-align: left;\"><em><strong>Bebidas<\/strong><\/em><br \/>\nAgua mineral, cervezas, refrescos y vino tinto y blanco.<\/p>\n[\/vc_column_text][\/vc_column_inner][vc_column_inner column_padding=\u00bbno-extra-padding\u00bb column_padding_position=\u00bball\u00bb background_color_opacity=\u00bb1&#8243; background_hover_color_opacity=\u00bb1&#8243; column_shadow=\u00bbnone\u00bb column_border_radius=\u00bbnone\u00bb column_link_target=\u00bb_self\u00bb width=\u00bb1\/2&#8243; tablet_width_inherit=\u00bbdefault\u00bb column_border_width=\u00bbnone\u00bb column_border_style=\u00bbsolid\u00bb bg_image_animation=\u00bbnone\u00bb][vc_column_text]\n<h4><strong>MEN\u00da<\/strong><i><\/i><\/h4>\n[\/vc_column_text]<div class=\"nectar-fancy-ul\" data-list-icon=\"fa fa-cutlery\" data-animation=\"false\" data-animation-delay=\"0\" data-color=\"accent-color\" data-spacing=\"default\" data-alignment=\"left\"> \n<ul>\n<li><em><strong>Primer acto (a elegir)<\/strong><\/em><br \/>\n&#8211; Crema chou-fleur con vieira asada.<br \/>\n&#8211; Salmorejo con berenjena caramelizada y crujiente de ib\u00e9rico.<\/li>\n<li><em><strong>Segundo acto<\/strong><\/em><br \/>\nRodaballo relleno de txangurro con verduritas salteadas.<\/li>\n<li><em><strong>Tercer acto<\/strong><\/em><br \/>\nSolomillo de ternera.<\/li>\n<li><em><strong>Postre<\/strong><\/em><br \/>\nTarta nupcial con crema helada.<\/li>\n<li><em><strong>Bodega<\/strong><\/em><br \/>\nAgua mineral, vino tinto y blanco de la regi\u00f3n, cava, caf\u00e9 o infusiones y vasito de licor.<\/li>\n<\/ul>\n <\/div>[\/vc_column_inner][\/vc_row_inner][\/vc_column][\/vc_row]\n","protected":false},"excerpt":{"rendered":"<p>[vc_row type=\u00bbfull_width_background\u00bb full_screen_row_position=\u00bbmiddle\u00bb bg_image=\u00bb177&#8243; bg_position=\u00bbcenter center\u00bb bg_repeat=\u00bbno-repeat\u00bb scene_position=\u00bbcenter\u00bb text_color=\u00bblight\u00bb text_align=\u00bbcenter\u00bb top_padding=\u00bb17%\u00bb bottom_padding=\u00bb5%\u00bb color_overlay=\u00bb#000000&#8243; overlay_strength=\u00bb0.3&#8243; shape_divider_position=\u00bbbottom\u00bb bg_image_animation=\u00bbnone\u00bb shape_type=\u00bb\u00bb][vc_column column_padding=\u00bbno-extra-padding\u00bb column_padding_position=\u00bball\u00bb background_color_opacity=\u00bb1&#8243; background_hover_color_opacity=\u00bb1&#8243; column_link_target=\u00bb_self\u00bb column_shadow=\u00bbnone\u00bb column_border_radius=\u00bbnone\u00bb width=\u00bb1\/4&#8243; tablet_width_inherit=\u00bbdefault\u00bb tablet_text_alignment=\u00bbdefault\u00bb phone_text_alignment=\u00bbdefault\u00bb column_border_width=\u00bbnone\u00bb column_border_style=\u00bbsolid\u00bb&#8230;<\/p>\n","protected":false},"author":1,"featured_media":0,"parent":0,"menu_order":0,"comment_status":"closed","ping_status":"closed","template":"","meta":{"footnotes":""},"yoast_head":"<!-- This site is optimized with the Yoast SEO plugin v21.1 - https:\/\/yoast.com\/wordpress\/plugins\/seo\/ -->\n<title>Aires Catering | Men\u00fas Bodas<\/title>\n<meta name=\"robots\" content=\"index, follow, max-snippet:-1, max-image-preview:large, max-video-preview:-1\" \/>\n<link rel=\"canonical\" href=\"https:\/\/ventadeaires.com\/catering-toledo-experiencia-gastronomica\/menus-bodas\/\" \/>\n<meta property=\"og:locale\" content=\"es_ES\" \/>\n<meta property=\"og:type\" content=\"article\" \/>\n<meta property=\"og:title\" content=\"Aires Catering | Men\u00fas Bodas\" \/>\n<meta property=\"og:description\" content=\"[vc_row type=\u00bbfull_width_background\u00bb full_screen_row_position=\u00bbmiddle\u00bb bg_image=\u00bb177&#8243; bg_position=\u00bbcenter center\u00bb bg_repeat=\u00bbno-repeat\u00bb scene_position=\u00bbcenter\u00bb text_color=\u00bblight\u00bb text_align=\u00bbcenter\u00bb top_padding=\u00bb17%\u00bb bottom_padding=\u00bb5%\u00bb color_overlay=\u00bb#000000&#8243; overlay_strength=\u00bb0.3&#8243; shape_divider_position=\u00bbbottom\u00bb bg_image_animation=\u00bbnone\u00bb shape_type=\u00bb\u00bb][vc_column column_padding=\u00bbno-extra-padding\u00bb column_padding_position=\u00bball\u00bb background_color_opacity=\u00bb1&#8243; background_hover_color_opacity=\u00bb1&#8243; column_link_target=\u00bb_self\u00bb column_shadow=\u00bbnone\u00bb column_border_radius=\u00bbnone\u00bb width=\u00bb1\/4&#8243; tablet_width_inherit=\u00bbdefault\u00bb tablet_text_alignment=\u00bbdefault\u00bb phone_text_alignment=\u00bbdefault\u00bb column_border_width=\u00bbnone\u00bb column_border_style=\u00bbsolid\u00bb...\" \/>\n<meta property=\"og:url\" content=\"https:\/\/ventadeaires.com\/catering-toledo-experiencia-gastronomica\/menus-bodas\/\" \/>\n<meta property=\"og:site_name\" content=\"Aires Catering\" \/>\n<meta property=\"article:modified_time\" content=\"2019-05-07T09:41:02+00:00\" \/>\n<meta name=\"twitter:card\" content=\"summary_large_image\" \/>\n<meta name=\"twitter:label1\" content=\"Tiempo de lectura\" \/>\n\t<meta name=\"twitter:data1\" content=\"8 minutos\" \/>\n<script type=\"application\/ld+json\" class=\"yoast-schema-graph\">{\"@context\":\"https:\/\/schema.org\",\"@graph\":[{\"@type\":\"WebPage\",\"@id\":\"https:\/\/ventadeaires.com\/catering-toledo-experiencia-gastronomica\/menus-bodas\/\",\"url\":\"https:\/\/ventadeaires.com\/catering-toledo-experiencia-gastronomica\/menus-bodas\/\",\"name\":\"Aires Catering | Men\u00fas Bodas\",\"isPartOf\":{\"@id\":\"https:\/\/ventadeaires.com\/catering-toledo-experiencia-gastronomica\/#website\"},\"datePublished\":\"2019-03-06T10:32:10+00:00\",\"dateModified\":\"2019-05-07T09:41:02+00:00\",\"breadcrumb\":{\"@id\":\"https:\/\/ventadeaires.com\/catering-toledo-experiencia-gastronomica\/menus-bodas\/#breadcrumb\"},\"inLanguage\":\"es\",\"potentialAction\":[{\"@type\":\"ReadAction\",\"target\":[\"https:\/\/ventadeaires.com\/catering-toledo-experiencia-gastronomica\/menus-bodas\/\"]}]},{\"@type\":\"BreadcrumbList\",\"@id\":\"https:\/\/ventadeaires.com\/catering-toledo-experiencia-gastronomica\/menus-bodas\/#breadcrumb\",\"itemListElement\":[{\"@type\":\"ListItem\",\"position\":1,\"name\":\"Portada\",\"item\":\"https:\/\/ventadeaires.com\/catering-toledo-experiencia-gastronomica\/\"},{\"@type\":\"ListItem\",\"position\":2,\"name\":\"Men\u00fas bodas\"}]},{\"@type\":\"WebSite\",\"@id\":\"https:\/\/ventadeaires.com\/catering-toledo-experiencia-gastronomica\/#website\",\"url\":\"https:\/\/ventadeaires.com\/catering-toledo-experiencia-gastronomica\/\",\"name\":\"Aires Catering\",\"description\":\"El Catering de Venta de Aires. Desde 1891\",\"potentialAction\":[{\"@type\":\"SearchAction\",\"target\":{\"@type\":\"EntryPoint\",\"urlTemplate\":\"https:\/\/ventadeaires.com\/catering-toledo-experiencia-gastronomica\/?s={search_term_string}\"},\"query-input\":\"required name=search_term_string\"}],\"inLanguage\":\"es\"}]}<\/script>\n<!-- \/ Yoast SEO plugin. -->","yoast_head_json":{"title":"Aires Catering | Men\u00fas Bodas","robots":{"index":"index","follow":"follow","max-snippet":"max-snippet:-1","max-image-preview":"max-image-preview:large","max-video-preview":"max-video-preview:-1"},"canonical":"https:\/\/ventadeaires.com\/catering-toledo-experiencia-gastronomica\/menus-bodas\/","og_locale":"es_ES","og_type":"article","og_title":"Aires Catering | Men\u00fas Bodas","og_description":"[vc_row type=\u00bbfull_width_background\u00bb full_screen_row_position=\u00bbmiddle\u00bb bg_image=\u00bb177&#8243; bg_position=\u00bbcenter center\u00bb bg_repeat=\u00bbno-repeat\u00bb scene_position=\u00bbcenter\u00bb text_color=\u00bblight\u00bb text_align=\u00bbcenter\u00bb top_padding=\u00bb17%\u00bb bottom_padding=\u00bb5%\u00bb color_overlay=\u00bb#000000&#8243; overlay_strength=\u00bb0.3&#8243; shape_divider_position=\u00bbbottom\u00bb bg_image_animation=\u00bbnone\u00bb shape_type=\u00bb\u00bb][vc_column column_padding=\u00bbno-extra-padding\u00bb column_padding_position=\u00bball\u00bb background_color_opacity=\u00bb1&#8243; background_hover_color_opacity=\u00bb1&#8243; column_link_target=\u00bb_self\u00bb column_shadow=\u00bbnone\u00bb column_border_radius=\u00bbnone\u00bb width=\u00bb1\/4&#8243; tablet_width_inherit=\u00bbdefault\u00bb tablet_text_alignment=\u00bbdefault\u00bb phone_text_alignment=\u00bbdefault\u00bb column_border_width=\u00bbnone\u00bb column_border_style=\u00bbsolid\u00bb...","og_url":"https:\/\/ventadeaires.com\/catering-toledo-experiencia-gastronomica\/menus-bodas\/","og_site_name":"Aires Catering","article_modified_time":"2019-05-07T09:41:02+00:00","twitter_card":"summary_large_image","twitter_misc":{"Tiempo de lectura":"8 minutos"},"schema":{"@context":"https:\/\/schema.org","@graph":[{"@type":"WebPage","@id":"https:\/\/ventadeaires.com\/catering-toledo-experiencia-gastronomica\/menus-bodas\/","url":"https:\/\/ventadeaires.com\/catering-toledo-experiencia-gastronomica\/menus-bodas\/","name":"Aires Catering | Men\u00fas Bodas","isPartOf":{"@id":"https:\/\/ventadeaires.com\/catering-toledo-experiencia-gastronomica\/#website"},"datePublished":"2019-03-06T10:32:10+00:00","dateModified":"2019-05-07T09:41:02+00:00","breadcrumb":{"@id":"https:\/\/ventadeaires.com\/catering-toledo-experiencia-gastronomica\/menus-bodas\/#breadcrumb"},"inLanguage":"es","potentialAction":[{"@type":"ReadAction","target":["https:\/\/ventadeaires.com\/catering-toledo-experiencia-gastronomica\/menus-bodas\/"]}]},{"@type":"BreadcrumbList","@id":"https:\/\/ventadeaires.com\/catering-toledo-experiencia-gastronomica\/menus-bodas\/#breadcrumb","itemListElement":[{"@type":"ListItem","position":1,"name":"Portada","item":"https:\/\/ventadeaires.com\/catering-toledo-experiencia-gastronomica\/"},{"@type":"ListItem","position":2,"name":"Men\u00fas bodas"}]},{"@type":"WebSite","@id":"https:\/\/ventadeaires.com\/catering-toledo-experiencia-gastronomica\/#website","url":"https:\/\/ventadeaires.com\/catering-toledo-experiencia-gastronomica\/","name":"Aires Catering","description":"El Catering de Venta de Aires. Desde 1891","potentialAction":[{"@type":"SearchAction","target":{"@type":"EntryPoint","urlTemplate":"https:\/\/ventadeaires.com\/catering-toledo-experiencia-gastronomica\/?s={search_term_string}"},"query-input":"required name=search_term_string"}],"inLanguage":"es"}]}},"_links":{"self":[{"href":"https:\/\/ventadeaires.com\/catering-toledo-experiencia-gastronomica\/wp-json\/wp\/v2\/pages\/74"}],"collection":[{"href":"https:\/\/ventadeaires.com\/catering-toledo-experiencia-gastronomica\/wp-json\/wp\/v2\/pages"}],"about":[{"href":"https:\/\/ventadeaires.com\/catering-toledo-experiencia-gastronomica\/wp-json\/wp\/v2\/types\/page"}],"author":[{"embeddable":true,"href":"https:\/\/ventadeaires.com\/catering-toledo-experiencia-gastronomica\/wp-json\/wp\/v2\/users\/1"}],"replies":[{"embeddable":true,"href":"https:\/\/ventadeaires.com\/catering-toledo-experiencia-gastronomica\/wp-json\/wp\/v2\/comments?post=74"}],"version-history":[{"count":17,"href":"https:\/\/ventadeaires.com\/catering-toledo-experiencia-gastronomica\/wp-json\/wp\/v2\/pages\/74\/revisions"}],"predecessor-version":[{"id":245,"href":"https:\/\/ventadeaires.com\/catering-toledo-experiencia-gastronomica\/wp-json\/wp\/v2\/pages\/74\/revisions\/245"}],"wp:attachment":[{"href":"https:\/\/ventadeaires.com\/catering-toledo-experiencia-gastronomica\/wp-json\/wp\/v2\/media?parent=74"}],"curies":[{"name":"wp","href":"https:\/\/api.w.org\/{rel}","templated":true}]}}